{"id":415,"date":"2015-11-17T04:19:36","date_gmt":"2015-11-17T04:19:36","guid":{"rendered":"http:\/\/logistics.stylemixthemes.com\/\/?page_id=415"},"modified":"2024-11-13T15:18:46","modified_gmt":"2024-11-13T21:18:46","slug":"about-us","status":"publish","type":"page","link":"https:\/\/corporacionrym.com\/en\/about-us\/","title":{"rendered":"Acerca de nosotros"},"content":{"rendered":"<div class=\"wpb-content-wrapper\"><div class=\"vc_row wpb_row vc_row-fluid vc_custom_1448604362911\"><div class=\"wpb_column vc_column_container vc_col-sm-12 vc_col-lg-9 vc_col-md-9\"><div class=\"vc_column-inner\"><div class=\"wpb_wrapper\">\n\t<div class=\"wpb_text_column wpb_content_element vc_custom_1731532695470\" >\n\t\t<div class=\"wpb_wrapper\">\n\t\t\t<h2>Somos Corporaci\u00f3n RYM<\/h2>\n<p><span style=\"font-size: 14pt;\">Empresa Guatemalteca , que se dedica en su giro principal de negocio a Importaci\u00f3n, Exportaci\u00f3n, distribuci\u00f3n de carga Local e Internacionalmente en la regi\u00f3n Centroamericana.<\/span><\/p>\n<p>\u00a0<\/p>\n<h2>Nuestra Misi\u00f3n<\/h2>\n\n\t\t<\/div>\n\t<\/div>\n<div class=\"vc_row wpb_row vc_inner vc_row-fluid vc_custom_1448605934156\"><div class=\"wpb_column vc_column_container vc_col-sm-6\"><div class=\"vc_column-inner\"><div class=\"wpb_wrapper\">\n\t<div class=\"wpb_text_column wpb_content_element vc_custom_1701283893804\" >\n\t\t<div class=\"wpb_wrapper\">\n\t\t\t<p><span style=\"font-size: 14pt;\">Brindar a nuestros clientes atenci\u00f3n personalizada, buscando las alternativas que se adapten a cada proceso para cada uno de requerimientos de cada cliente, enfocados en la mejora continua, adaptando el servicio a cada necesidad, de forma \u00e1gil, r\u00e1pida y efectiva.<\/span><\/p>\n\n\t\t<\/div>\n\t<\/div>\n<\/div><\/div><\/div><div class=\"wpb_column vc_column_container vc_col-sm-6\"><div class=\"vc_column-inner\"><div class=\"wpb_wrapper\">\n\t<div  class=\"wpb_single_image wpb_content_element vc_align_left wpb_content_element\">\n\t\t\n\t\t<figure class=\"wpb_wrapper vc_figure\">\n\t\t\t<div class=\"vc_single_image-wrapper   vc_box_border_grey\"><img loading=\"lazy\" decoding=\"async\" width=\"1920\" height=\"900\" src=\"https:\/\/corporacionrym.com\/wp-content\/uploads\/revslider\/slider_1.jpg\" class=\"vc_single_image-img attachment-full\" alt=\"\" title=\"slider_1.jpg\" srcset=\"https:\/\/corporacionrym.com\/wp-content\/uploads\/revslider\/slider_1.jpg 1920w, https:\/\/corporacionrym.com\/wp-content\/uploads\/revslider\/slider_1-300x141.jpg 300w, https:\/\/corporacionrym.com\/wp-content\/uploads\/revslider\/slider_1-1024x480.jpg 1024w, https:\/\/corporacionrym.com\/wp-content\/uploads\/revslider\/slider_1-768x360.jpg 768w, https:\/\/corporacionrym.com\/wp-content\/uploads\/revslider\/slider_1-1536x720.jpg 1536w, https:\/\/corporacionrym.com\/wp-content\/uploads\/revslider\/slider_1-18x8.jpg 18w\" sizes=\"auto, (max-width: 1920px) 100vw, 1920px\" \/><\/div>\n\t\t<\/figure>\n\t<\/div>\n<\/div><\/div><\/div><\/div><\/div><\/div><\/div><\/div><div class=\"vc_row wpb_row vc_row-fluid\"><div class=\"wpb_column vc_column_container vc_col-sm-12\"><div class=\"vc_column-inner\"><div class=\"wpb_wrapper\"><\/div><\/div><\/div><\/div>\n<\/div>","protected":false},"excerpt":{"rendered":"Somos Corporaci\u00f3n RYM Empresa Guatemalteca , que se dedica en su giro principal de negocio a Importaci\u00f3n, Exportaci\u00f3n, distribuci\u00f3n de carga Local e Internacionalmente en la regi\u00f3n Centroamericana. &nbsp; Nuestra Misi\u00f3n Brindar a...","protected":false},"author":2,"featured_media":0,"parent":0,"menu_order":0,"comment_status":"closed","ping_status":"closed","template":"","meta":{"footnotes":""},"class_list":["post-415","page","type-page","status-publish","hentry"],"yoast_head":"<!-- This site is optimized with the Yoast SEO plugin v27.5 - https:\/\/yoast.com\/product\/yoast-seo-wordpress\/ -->\n<title>Acerca de nosotros - CORPORACION R&amp;M<\/title>\n<meta name=\"robots\" content=\"index, follow, max-snippet:-1, max-image-preview:large, max-video-preview:-1\" \/>\n<link rel=\"canonical\" href=\"https:\/\/corporacionrym.com\/en\/about-us\/\" \/>\n<meta property=\"og:locale\" content=\"en_US\" \/>\n<meta property=\"og:type\" content=\"article\" \/>\n<meta property=\"og:title\" content=\"Acerca de nosotros - CORPORACION R&amp;M\" \/>\n<meta property=\"og:url\" content=\"https:\/\/corporacionrym.com\/en\/about-us\/\" \/>\n<meta property=\"og:site_name\" content=\"CORPORACION R&amp;M\" \/>\n<meta property=\"article:modified_time\" content=\"2024-11-13T21:18:46+00:00\" \/>\n<meta name=\"twitter:card\" content=\"summary_large_image\" \/>\n<meta name=\"twitter:label1\" content=\"Est. reading time\" \/>\n\t<meta name=\"twitter:data1\" content=\"1 minute\" \/>\n<script type=\"application\/ld+json\" class=\"yoast-schema-graph\">{\"@context\":\"https:\\\/\\\/schema.org\",\"@graph\":[{\"@type\":\"WebPage\",\"@id\":\"https:\\\/\\\/corporacionrym.com\\\/about-us\\\/\",\"url\":\"https:\\\/\\\/corporacionrym.com\\\/about-us\\\/\",\"name\":\"Acerca de nosotros - CORPORACION R&amp;M\",\"isPartOf\":{\"@id\":\"https:\\\/\\\/corporacionrym.com\\\/#website\"},\"datePublished\":\"2015-11-17T04:19:36+00:00\",\"dateModified\":\"2024-11-13T21:18:46+00:00\",\"breadcrumb\":{\"@id\":\"https:\\\/\\\/corporacionrym.com\\\/about-us\\\/#breadcrumb\"},\"inLanguage\":\"en-US\",\"potentialAction\":[{\"@type\":\"ReadAction\",\"target\":[\"https:\\\/\\\/corporacionrym.com\\\/about-us\\\/\"]}]},{\"@type\":\"BreadcrumbList\",\"@id\":\"https:\\\/\\\/corporacionrym.com\\\/about-us\\\/#breadcrumb\",\"itemListElement\":[{\"@type\":\"ListItem\",\"position\":1,\"name\":\"Home\",\"item\":\"https:\\\/\\\/corporacionrym.com\\\/\"},{\"@type\":\"ListItem\",\"position\":2,\"name\":\"Acerca de nosotros\"}]},{\"@type\":\"WebSite\",\"@id\":\"https:\\\/\\\/corporacionrym.com\\\/#website\",\"url\":\"https:\\\/\\\/corporacionrym.com\\\/\",\"name\":\"CORPORACION R&M\",\"description\":\"Trasportes Terrestre Guatemala, Salvador, Honduras, Nicaragua, Costa Rica, Panam\u00e1\",\"publisher\":{\"@id\":\"https:\\\/\\\/corporacionrym.com\\\/#organization\"},\"potentialAction\":[{\"@type\":\"SearchAction\",\"target\":{\"@type\":\"EntryPoint\",\"urlTemplate\":\"https:\\\/\\\/corporacionrym.com\\\/?s={search_term_string}\"},\"query-input\":{\"@type\":\"PropertyValueSpecification\",\"valueRequired\":true,\"valueName\":\"search_term_string\"}}],\"inLanguage\":\"en-US\"},{\"@type\":\"Organization\",\"@id\":\"https:\\\/\\\/corporacionrym.com\\\/#organization\",\"name\":\"CORPORACION R&M\",\"url\":\"https:\\\/\\\/corporacionrym.com\\\/\",\"logo\":{\"@type\":\"ImageObject\",\"inLanguage\":\"en-US\",\"@id\":\"https:\\\/\\\/corporacionrym.com\\\/#\\\/schema\\\/logo\\\/image\\\/\",\"url\":\"https:\\\/\\\/corporacionrym.com\\\/wp-content\\\/uploads\\\/2023\\\/03\\\/LOGO_CORPORACION_Final.png\",\"contentUrl\":\"https:\\\/\\\/corporacionrym.com\\\/wp-content\\\/uploads\\\/2023\\\/03\\\/LOGO_CORPORACION_Final.png\",\"width\":684,\"height\":365,\"caption\":\"CORPORACION R&M\"},\"image\":{\"@id\":\"https:\\\/\\\/corporacionrym.com\\\/#\\\/schema\\\/logo\\\/image\\\/\"}}]}<\/script>\n<!-- \/ Yoast SEO plugin. -->","yoast_head_json":{"title":"Acerca de nosotros - CORPORACION R&amp;M","robots":{"index":"index","follow":"follow","max-snippet":"max-snippet:-1","max-image-preview":"max-image-preview:large","max-video-preview":"max-video-preview:-1"},"canonical":"https:\/\/corporacionrym.com\/en\/about-us\/","og_locale":"en_US","og_type":"article","og_title":"Acerca de nosotros - CORPORACION R&amp;M","og_url":"https:\/\/corporacionrym.com\/en\/about-us\/","og_site_name":"CORPORACION R&amp;M","article_modified_time":"2024-11-13T21:18:46+00:00","twitter_card":"summary_large_image","twitter_misc":{"Est. reading time":"1 minute"},"schema":{"@context":"https:\/\/schema.org","@graph":[{"@type":"WebPage","@id":"https:\/\/corporacionrym.com\/about-us\/","url":"https:\/\/corporacionrym.com\/about-us\/","name":"Acerca de nosotros - CORPORACION R&amp;M","isPartOf":{"@id":"https:\/\/corporacionrym.com\/#website"},"datePublished":"2015-11-17T04:19:36+00:00","dateModified":"2024-11-13T21:18:46+00:00","breadcrumb":{"@id":"https:\/\/corporacionrym.com\/about-us\/#breadcrumb"},"inLanguage":"en-US","potentialAction":[{"@type":"ReadAction","target":["https:\/\/corporacionrym.com\/about-us\/"]}]},{"@type":"BreadcrumbList","@id":"https:\/\/corporacionrym.com\/about-us\/#breadcrumb","itemListElement":[{"@type":"ListItem","position":1,"name":"Home","item":"https:\/\/corporacionrym.com\/"},{"@type":"ListItem","position":2,"name":"Acerca de nosotros"}]},{"@type":"WebSite","@id":"https:\/\/corporacionrym.com\/#website","url":"https:\/\/corporacionrym.com\/","name":"CORPORACION R&M","description":"Trasportes Terrestre Guatemala, Salvador, Honduras, Nicaragua, Costa Rica, Panam\u00e1","publisher":{"@id":"https:\/\/corporacionrym.com\/#organization"},"potentialAction":[{"@type":"SearchAction","target":{"@type":"EntryPoint","urlTemplate":"https:\/\/corporacionrym.com\/?s={search_term_string}"},"query-input":{"@type":"PropertyValueSpecification","valueRequired":true,"valueName":"search_term_string"}}],"inLanguage":"en-US"},{"@type":"Organization","@id":"https:\/\/corporacionrym.com\/#organization","name":"CORPORACION R&M","url":"https:\/\/corporacionrym.com\/","logo":{"@type":"ImageObject","inLanguage":"en-US","@id":"https:\/\/corporacionrym.com\/#\/schema\/logo\/image\/","url":"https:\/\/corporacionrym.com\/wp-content\/uploads\/2023\/03\/LOGO_CORPORACION_Final.png","contentUrl":"https:\/\/corporacionrym.com\/wp-content\/uploads\/2023\/03\/LOGO_CORPORACION_Final.png","width":684,"height":365,"caption":"CORPORACION R&M"},"image":{"@id":"https:\/\/corporacionrym.com\/#\/schema\/logo\/image\/"}}]}},"_links":{"self":[{"href":"https:\/\/corporacionrym.com\/en\/wp-json\/wp\/v2\/pages\/415","targetHints":{"allow":["GET"]}}],"collection":[{"href":"https:\/\/corporacionrym.com\/en\/wp-json\/wp\/v2\/pages"}],"about":[{"href":"https:\/\/corporacionrym.com\/en\/wp-json\/wp\/v2\/types\/page"}],"author":[{"embeddable":true,"href":"https:\/\/corporacionrym.com\/en\/wp-json\/wp\/v2\/users\/2"}],"replies":[{"embeddable":true,"href":"https:\/\/corporacionrym.com\/en\/wp-json\/wp\/v2\/comments?post=415"}],"version-history":[{"count":5,"href":"https:\/\/corporacionrym.com\/en\/wp-json\/wp\/v2\/pages\/415\/revisions"}],"predecessor-version":[{"id":1461,"href":"https:\/\/corporacionrym.com\/en\/wp-json\/wp\/v2\/pages\/415\/revisions\/1461"}],"wp:attachment":[{"href":"https:\/\/corporacionrym.com\/en\/wp-json\/wp\/v2\/media?parent=415"}],"curies":[{"name":"wp","href":"https:\/\/api.w.org\/{rel}","templated":true}]}}